{"id":8696,"date":"2015-07-15T10:27:08","date_gmt":"2015-07-15T10:27:08","guid":{"rendered":"https:\/\/www.galvbaygrade.org\/report-card\/"},"modified":"2024-07-02T10:37:27","modified_gmt":"2024-07-02T15:37:27","slug":"report-card","status":"publish","type":"page","link":"https:\/\/www.galvbaygrade.org\/vi\/","title":{"rendered":"Ch\u1ea5t l\u01b0\u1ee3ng t\u1ed5ng th\u1ec3 c\u1ee7a v\u1ecbnh"},"content":{"rendered":"<p>M\u00f4i tr\u01b0\u1eddng \u1edf V\u1ecbnh Galveston r\u1ea5t ki\u00ean c\u01b0\u1eddng nh\u01b0ng ph\u1ea3i \u0111\u1ed1i m\u1eb7t v\u1edbi m\u1ed9t t\u01b0\u01a1ng lai kh\u00f4ng ch\u1eafc ch\u1eafn. L\u01b0u v\u1ef1c s\u00f4ng c\u1ee7a V\u1ecbnh l\u00e0 n\u01a1i t\u1ecda l\u1ea1c c\u1ee7a hai trong s\u1ed1 nh\u1eefng th\u00e0nh ph\u1ed1 l\u1edbn nh\u1ea5t Hoa K\u1ef3, Houston, th\u00e0nh ph\u1ed1 l\u1edbn th\u1ee9 t\u01b0, v\u00e0 Dallas, th\u00e0nh ph\u1ed1 l\u1edbn th\u1ee9 ch\u00edn. T\u1ea1i v\u1ecbnh c\u00f3 ba c\u1ea3ng v\u1eadn chuy\u1ec3n. V\u1ecbnh l\u00e0 n\u01a1i s\u00f4i \u0111\u1ed9ng \u0111\u1ec3 s\u1ea3n xu\u1ea5t v\u00e0 tinh ch\u1ebf h\u00f3a ch\u1ea5t v\u00e0 c\u00e1c s\u1ea3n ph\u1ea9m d\u1ea7u m\u1ecf. Nh\u01b0ng con ng\u01b0\u1eddi, c\u00f4ng nghi\u1ec7p v\u00e0 th\u01b0\u01a1ng m\u1ea1i th\u01b0\u1eddng mang \u0111\u1ebfn nh\u1eefng t\u00e1c h\u1ea1i cho m\u00f4i tr\u01b0\u1eddng. C\u00e1c v\u1ea5n \u0111\u1ec1 l\u1edbn nh\u1ea5t c\u1ee7a V\u1ecbnh Galveston li\u00ean quan \u0111\u1ebfn \u00f4 nhi\u1ec5m, m\u1ea5t m\u00f4i tr\u01b0\u1eddng s\u1ed1ng v\u00e0 t\u00e1c \u0111\u1ed9ng c\u1ee7a bi\u1ebfn \u0111\u1ed5i kh\u00ed h\u1eadu, ch\u1eb3ng h\u1ea1n nh\u01b0 m\u1ef1c n\u01b0\u1edbc bi\u1ec3n d\u00e2ng cao.<\/p>\n<p>\u0110\u1ec3 gi\u1eef cho m\u00f4i tr\u01b0\u1eddng c\u1ee7a V\u1ecbnh Galveston ki\u00ean c\u01b0\u1eddng, ch\u00fang ta ph\u1ea3i h\u00e0nh \u0111\u1ed9ng \u0111\u1ec3 b\u1ea3o v\u1ec7 t\u1eebng h\u1ea1ng m\u1ee5c v\u00e0 c\u1ea5p ch\u1ec9 s\u1ed1. Ch\u00fang ta, nh\u1eefng c\u1ed9ng \u0111\u1ed3ng xung quanh v\u1ecbnh, c\u00f3 tr\u00e1ch nhi\u1ec7m ti\u1ebfp t\u1ee5c th\u1ef1c hi\u1ec7n nh\u1eefng thay \u0111\u1ed5i trong cu\u1ed9c s\u1ed1ng nh\u1eb1m gi\u1ea3m b\u1edbt t\u00e1c \u0111\u1ed9ng ti\u00eau c\u1ef1c \u0111\u1ebfn ch\u1ea5t l\u01b0\u1ee3ng n\u01b0\u1edbc, m\u00f4i tr\u01b0\u1eddng s\u1ed1ng nh\u01b0 v\u00f9ng \u0111\u1ea5t ng\u1eadp n\u01b0\u1edbc, th\u1ea3m c\u1ecf bi\u1ec3n v\u00e0 \u0111\u1ed9ng v\u1eadt hoang d\u00e3.<\/p>\n","protected":false},"excerpt":{"rendered":"<p>M\u00f4i tr\u01b0\u1eddng \u1edf V\u1ecbnh Galveston r\u1ea5t ki\u00ean c\u01b0\u1eddng nh\u01b0ng ph\u1ea3i \u0111\u1ed1i m\u1eb7t v\u1edbi m\u1ed9t t\u01b0\u01a1ng lai kh\u00f4ng ch\u1eafc ch\u1eafn. L\u01b0u v\u1ef1c s\u00f4ng c\u1ee7a V\u1ecbnh l\u00e0 n\u01a1i t\u1ecda l\u1ea1c c\u1ee7a hai trong s\u1ed1 nh\u1eefng th\u00e0nh ph\u1ed1 l\u1edbn nh\u1ea5t Hoa K\u1ef3, Houston, th\u00e0nh ph\u1ed1 l\u1edbn th\u1ee9 t\u01b0, v\u00e0 Dallas, th\u00e0nh ph\u1ed1 l\u1edbn th\u1ee9 ch\u00edn. T\u1ea1i v\u1ecbnh c\u00f3 [&hellip;]<\/p>\n","protected":false},"author":32,"featured_media":8698,"parent":0,"menu_order":0,"comment_status":"closed","ping_status":"closed","template":"report.php","meta":{"_acf_changed":false,"footnotes":""},"coauthors":[174],"class_list":["post-8696","page","type-page","status-publish","has-post-thumbnail","hentry"],"acf":[],"_links":{"self":[{"href":"https:\/\/www.galvbaygrade.org\/vi\/wp-json\/wp\/v2\/pages\/8696","targetHints":{"allow":["GET"]}}],"collection":[{"href":"https:\/\/www.galvbaygrade.org\/vi\/wp-json\/wp\/v2\/pages"}],"about":[{"href":"https:\/\/www.galvbaygrade.org\/vi\/wp-json\/wp\/v2\/types\/page"}],"author":[{"embeddable":true,"href":"https:\/\/www.galvbaygrade.org\/vi\/wp-json\/wp\/v2\/users\/32"}],"replies":[{"embeddable":true,"href":"https:\/\/www.galvbaygrade.org\/vi\/wp-json\/wp\/v2\/comments?post=8696"}],"version-history":[{"count":11,"href":"https:\/\/www.galvbaygrade.org\/vi\/wp-json\/wp\/v2\/pages\/8696\/revisions"}],"predecessor-version":[{"id":8886,"href":"https:\/\/www.galvbaygrade.org\/vi\/wp-json\/wp\/v2\/pages\/8696\/revisions\/8886"}],"wp:featuredmedia":[{"embeddable":true,"href":"https:\/\/www.galvbaygrade.org\/vi\/wp-json\/wp\/v2\/media\/8698"}],"wp:attachment":[{"href":"https:\/\/www.galvbaygrade.org\/vi\/wp-json\/wp\/v2\/media?parent=8696"}],"wp:term":[{"taxonomy":"author","embeddable":true,"href":"https:\/\/www.galvbaygrade.org\/vi\/wp-json\/wp\/v2\/coauthors?post=8696"}],"curies":[{"name":"wp","href":"https:\/\/api.w.org\/{rel}","templated":true}]}}