{"id":5136,"date":"2015-07-27T17:32:13","date_gmt":"2015-07-27T17:32:13","guid":{"rendered":"https:\/\/www.galvbaygrade.org\/coastal-change\/"},"modified":"2025-01-20T12:55:38","modified_gmt":"2025-01-20T18:55:38","slug":"cambio-costero","status":"publish","type":"page","link":"https:\/\/www.galvbaygrade.org\/es\/cambio-costero\/","title":{"rendered":"Resumen sobre el cambio costero"},"content":{"rendered":"<p>El cambio costero se est\u00e1 convirtiendo en una gran prioridad a medida que las comunidades en todo el mundo enfrentan desaf\u00edos relacionados con el clima. Casi la mitad de la poblaci\u00f3n de Estados Unidos vive en las \u00e1reas costeras y la mayor\u00eda vive en centros urbanos como el \u00e1rea metropolitana de Houston-Galveston. Es importante que entendamos nuestras vulnerabilidades ante una l\u00ednea costera cambiante y nos adaptemos a la mejora de la resiliencia en la regi\u00f3n de Houston-Galveston y a lo largo de la costa de Texas. Las vulnerabilidades como metr\u00f3polis costera a menudo involucran nuestra resiliencia y nuestra proximidad al agua.<\/p>\n<p>A \u00a0<span class=\"report-card-tooltip\" title=\"Medida de concentraciones de iones de hidr\u00f3geno en una substancia. El pH oscila entre 0 y 14. Un pH 7 es neutro; por debajo de 7 es \u00e1cido y por encima de 7 es alcalino. El pH del agua determina la solubilidad y la disponibilidad biol\u00f3gica de qu\u00edmicos tales como nutrientes y metales pesados.\">niveles de pH<\/span> de la Bah\u00eda se han estabilizado, las temperaturas del agua en invierno se mantuvieron constantes en 2023 y las altas tasas de aumento del <span class=\"report-card-tooltip\" title=\"El incremento relativo del nivel del mar en la Bah\u00eda de Galveston toma en consideraci\u00f3n la subsidencia (hundimiento del suelo) y el incremento de los niveles oce\u00e1nicos.\">aumento relativo del nivel del mar<\/span> y el aumento de las demandas de agua dulce son preocupantes. La temperatura del agua en invierno es un indicador importante para las especies invasoras y puede indicar un calentamiento general que puede afectar la producci\u00f3n de bacterias y estresar a los organismos de la Bah\u00eda de Galveston. A medida que \u00a0aumenta el nivel del mar y los patrones clim\u00e1ticos cambian, alternando entre calor y frio extremos, presenciaremos alteraciones medibles en el ambiente f\u00edsico de la Bah\u00eda de Galveston.<\/p>\n","protected":false},"excerpt":{"rendered":"<p>El cambio costero se est\u00e1 convirtiendo en una gran prioridad a medida que las comunidades en todo el mundo enfrentan desaf\u00edos relacionados con el clima. Casi la mitad de la poblaci\u00f3n de Estados Unidos vive en las \u00e1reas costeras y la mayor\u00eda vive en centros urbanos como el \u00e1rea metropolitana de Houston-Galveston. Es importante que [&hellip;]<\/p>\n","protected":false},"author":32,"featured_media":4920,"parent":0,"menu_order":0,"comment_status":"closed","ping_status":"closed","template":"report.php","meta":{"_acf_changed":false,"footnotes":""},"coauthors":[157],"class_list":["post-5136","page","type-page","status-publish","has-post-thumbnail","hentry"],"acf":[],"_links":{"self":[{"href":"https:\/\/www.galvbaygrade.org\/es\/wp-json\/wp\/v2\/pages\/5136","targetHints":{"allow":["GET"]}}],"collection":[{"href":"https:\/\/www.galvbaygrade.org\/es\/wp-json\/wp\/v2\/pages"}],"about":[{"href":"https:\/\/www.galvbaygrade.org\/es\/wp-json\/wp\/v2\/types\/page"}],"author":[{"embeddable":true,"href":"https:\/\/www.galvbaygrade.org\/es\/wp-json\/wp\/v2\/users\/32"}],"replies":[{"embeddable":true,"href":"https:\/\/www.galvbaygrade.org\/es\/wp-json\/wp\/v2\/comments?post=5136"}],"version-history":[{"count":16,"href":"https:\/\/www.galvbaygrade.org\/es\/wp-json\/wp\/v2\/pages\/5136\/revisions"}],"predecessor-version":[{"id":8961,"href":"https:\/\/www.galvbaygrade.org\/es\/wp-json\/wp\/v2\/pages\/5136\/revisions\/8961"}],"wp:featuredmedia":[{"embeddable":true,"href":"https:\/\/www.galvbaygrade.org\/es\/wp-json\/wp\/v2\/media\/4920"}],"wp:attachment":[{"href":"https:\/\/www.galvbaygrade.org\/es\/wp-json\/wp\/v2\/media?parent=5136"}],"wp:term":[{"taxonomy":"author","embeddable":true,"href":"https:\/\/www.galvbaygrade.org\/es\/wp-json\/wp\/v2\/coauthors?post=5136"}],"curies":[{"name":"wp","href":"https:\/\/api.w.org\/{rel}","templated":true}]}}