{"id":5025,"date":"2017-01-06T18:44:01","date_gmt":"2017-01-06T18:44:01","guid":{"rendered":"https:\/\/www.galvbaygrade.org\/es\/?page_id=5025"},"modified":"2022-09-19T12:14:55","modified_gmt":"2022-09-19T17:14:55","slug":"resumen-sobre-los-riesgos-para-la-salud-humana","status":"publish","type":"page","link":"https:\/\/www.galvbaygrade.org\/es\/resumen-sobre-los-riesgos-para-la-salud-humana\/","title":{"rendered":"Resumen sobre los riesgos para la salud humana"},"content":{"rendered":"<p>A principios de 1970, la Ley de Clean Water estableci\u00f3 como objetivo nacional para los cuerpos de agua del pa\u00eds que fuesen aptos para nadar y pescar. Si bien gran parte de los mariscos de la Bah\u00eda de Galveston pueden comerse sin peligro, una larga historia de contaminaci\u00f3n t\u00f3xica en la Bah\u00eda ha generado advertencias sobre el&nbsp;<a href=\"https:\/\/galvbay.org\/take-action\/#seafood-consumption-advisories\" target=\"_blank\" rel=\"noopener noreferrer\">consumo de&nbsp;mariscos para algunas especies en ciertas \u00e1reas.<\/a> Las actividades humanas tambi\u00e9n han llevado a constantes altos niveles de bacterias, especialmente en los arroyos y bayous que desembocan en la Bah\u00eda de Galveston. Los altos niveles de bacterias han generado restricciones para la cosecha de ostras y <span class=\"report-card-tooltip\" title=\"Actividades recreacionales tales como caminar por el agua o nadar, en las que se tiene un riesgo significativo de ingesti\u00f3n de agua o de inmersi\u00f3n.\">la recreaci\u00f3n de contacto primario<\/span>.<\/p>\n","protected":false},"excerpt":{"rendered":"<p>A principios de 1970, la Ley de Clean Water estableci\u00f3 como objetivo nacional para los cuerpos de agua del pa\u00eds que fuesen aptos para nadar y pescar. Si bien gran parte de los mariscos de la Bah\u00eda de Galveston pueden comerse sin peligro, una larga historia de contaminaci\u00f3n t\u00f3xica en la Bah\u00eda ha generado advertencias [&hellip;]<\/p>\n","protected":false},"author":32,"featured_media":4922,"parent":0,"menu_order":0,"comment_status":"closed","ping_status":"closed","template":"report.php","meta":{"_acf_changed":false,"footnotes":""},"coauthors":[157],"class_list":["post-5025","page","type-page","status-publish","has-post-thumbnail","hentry"],"acf":[],"_links":{"self":[{"href":"https:\/\/www.galvbaygrade.org\/es\/wp-json\/wp\/v2\/pages\/5025","targetHints":{"allow":["GET"]}}],"collection":[{"href":"https:\/\/www.galvbaygrade.org\/es\/wp-json\/wp\/v2\/pages"}],"about":[{"href":"https:\/\/www.galvbaygrade.org\/es\/wp-json\/wp\/v2\/types\/page"}],"author":[{"embeddable":true,"href":"https:\/\/www.galvbaygrade.org\/es\/wp-json\/wp\/v2\/users\/32"}],"replies":[{"embeddable":true,"href":"https:\/\/www.galvbaygrade.org\/es\/wp-json\/wp\/v2\/comments?post=5025"}],"version-history":[{"count":13,"href":"https:\/\/www.galvbaygrade.org\/es\/wp-json\/wp\/v2\/pages\/5025\/revisions"}],"predecessor-version":[{"id":8539,"href":"https:\/\/www.galvbaygrade.org\/es\/wp-json\/wp\/v2\/pages\/5025\/revisions\/8539"}],"wp:featuredmedia":[{"embeddable":true,"href":"https:\/\/www.galvbaygrade.org\/es\/wp-json\/wp\/v2\/media\/4922"}],"wp:attachment":[{"href":"https:\/\/www.galvbaygrade.org\/es\/wp-json\/wp\/v2\/media?parent=5025"}],"wp:term":[{"taxonomy":"author","embeddable":true,"href":"https:\/\/www.galvbaygrade.org\/es\/wp-json\/wp\/v2\/coauthors?post=5025"}],"curies":[{"name":"wp","href":"https:\/\/api.w.org\/{rel}","templated":true}]}}