{"id":5024,"date":"2017-01-06T18:41:42","date_gmt":"2017-01-06T18:41:42","guid":{"rendered":"https:\/\/www.galvbaygrade.org\/es\/?page_id=5024"},"modified":"2024-10-16T12:26:13","modified_gmt":"2024-10-16T17:26:13","slug":"resumen-sobre-el-habitat","status":"publish","type":"page","link":"https:\/\/www.galvbaygrade.org\/es\/resumen-sobre-el-habitat\/","title":{"rendered":"Resumen sobre el h\u00e1bitat"},"content":{"rendered":"<p>La Bah\u00eda alberga una variedad de h\u00e1bitats que contribuyen con la <span class=\"report-card-tooltip\" title=\"La variedad y diversidad de la vida. La variedad dentro y entre las especies de plantas, animales y microorganismos y los ecosistemas en los que viven e interact\u00faan.\">biodiversidad<\/span> de la regi\u00f3n de Houston-Galveston. Todos estos h\u00e1bitats son vitales para las funciones ecol\u00f3gicas de la Bah\u00eda. Actualmente, al menos tres de los cuatro h\u00e1bitats costeros principales que se evaluaron para el bolet\u00edn de calificaciones contin\u00faan estando bajo estr\u00e9s, lo cual se traduce en una D como calificaci\u00f3n general del h\u00e1bitat: humedales de agua dulce,\u00a0pastos marinos y\u00a0arrecifes de ostras. La buena noticia es que los\u00a0humedales de agua salada se benefician de los \u00e9xitos de los esfuerzos de protecci\u00f3n regulatoria y restauraci\u00f3n, as\u00ed que parecen mantenerse. Otro tema de inquietud es la falta general de informaci\u00f3n p\u00fablica actualizada y disponible que describa los h\u00e1bitats, en especial para los humedales y los arrecifes de ostras. Las agencias p\u00fablicas son las encargadas de generar esta informaci\u00f3n y es necesaria para la administraci\u00f3n, conservaci\u00f3n y restauraci\u00f3n de estos h\u00e1bitats vitales para la Bah\u00eda.<\/p>\n","protected":false},"excerpt":{"rendered":"<p>La Bah\u00eda alberga una variedad de h\u00e1bitats que contribuyen con la de la regi\u00f3n de Houston-Galveston. Todos estos h\u00e1bitats son vitales para las funciones ecol\u00f3gicas de la Bah\u00eda. Actualmente, al menos tres de los cuatro h\u00e1bitats costeros principales que se evaluaron para el bolet\u00edn de calificaciones contin\u00faan estando bajo estr\u00e9s, lo cual se traduce en [&hellip;]<\/p>\n","protected":false},"author":32,"featured_media":4921,"parent":0,"menu_order":0,"comment_status":"closed","ping_status":"closed","template":"report.php","meta":{"_acf_changed":false,"footnotes":""},"coauthors":[132,157],"class_list":["post-5024","page","type-page","status-publish","has-post-thumbnail","hentry"],"acf":[],"_links":{"self":[{"href":"https:\/\/www.galvbaygrade.org\/es\/wp-json\/wp\/v2\/pages\/5024","targetHints":{"allow":["GET"]}}],"collection":[{"href":"https:\/\/www.galvbaygrade.org\/es\/wp-json\/wp\/v2\/pages"}],"about":[{"href":"https:\/\/www.galvbaygrade.org\/es\/wp-json\/wp\/v2\/types\/page"}],"author":[{"embeddable":true,"href":"https:\/\/www.galvbaygrade.org\/es\/wp-json\/wp\/v2\/users\/32"}],"replies":[{"embeddable":true,"href":"https:\/\/www.galvbaygrade.org\/es\/wp-json\/wp\/v2\/comments?post=5024"}],"version-history":[{"count":22,"href":"https:\/\/www.galvbaygrade.org\/es\/wp-json\/wp\/v2\/pages\/5024\/revisions"}],"predecessor-version":[{"id":8945,"href":"https:\/\/www.galvbaygrade.org\/es\/wp-json\/wp\/v2\/pages\/5024\/revisions\/8945"}],"wp:featuredmedia":[{"embeddable":true,"href":"https:\/\/www.galvbaygrade.org\/es\/wp-json\/wp\/v2\/media\/4921"}],"wp:attachment":[{"href":"https:\/\/www.galvbaygrade.org\/es\/wp-json\/wp\/v2\/media?parent=5024"}],"wp:term":[{"taxonomy":"author","embeddable":true,"href":"https:\/\/www.galvbaygrade.org\/es\/wp-json\/wp\/v2\/coauthors?post=5024"}],"curies":[{"name":"wp","href":"https:\/\/api.w.org\/{rel}","templated":true}]}}