{"id":5023,"date":"2017-01-09T18:57:54","date_gmt":"2017-01-09T18:57:54","guid":{"rendered":"https:\/\/www.galvbaygrade.org\/es\/?page_id=5023"},"modified":"2024-10-16T12:25:10","modified_gmt":"2024-10-16T17:25:10","slug":"resumen-sobre-la-vida-silvestre","status":"publish","type":"page","link":"https:\/\/www.galvbaygrade.org\/es\/resumen-sobre-la-vida-silvestre\/","title":{"rendered":"Resumen sobre la vida silvestre"},"content":{"rendered":"<p>La Bah\u00eda de Galveston es el hogar de una amplia variedad de animales que juegan un papel importante en los <span class=\"report-card-tooltip\" title=\"Sistema natural de organismos que interact\u00faan entre s\u00ed y con su ambiente f\u00edsico.\">ecosistemas<\/span>. Se hace el seguimiento a las poblaciones de\u00a0crust\u00e1ceos,\u00a0peces de aleta y\u00a0aves para ayudar a determinar la salud de la Bah\u00eda. Los estudios sobre la vida silvestre llevados a cabo alrededor de la Bah\u00eda de Galveston desde el a\u00f1o 2006 indican que la mayor poblaci\u00f3n de peces de aleta y p\u00e1jaros parece mantenerse, mientras que muchas poblaciones de crust\u00e1ceos han mermado y se requieren acciones para prevenir p\u00e9rdidas futuras. Dichas mermas podr\u00edan impactar otras especies que dependen de los crust\u00e1ceos como fuente de alimento y como <span class=\"report-card-tooltip\" title=\"Especies de organismos que, de forma significativa, crean, modifican, mantienen o destruyen el h\u00e1bitat.\">ingenieros de ecosistemas<\/span>.<\/p>\n","protected":false},"excerpt":{"rendered":"<p>La Bah\u00eda de Galveston es el hogar de una amplia variedad de animales que juegan un papel importante en los . Se hace el seguimiento a las poblaciones de\u00a0crust\u00e1ceos,\u00a0peces de aleta y\u00a0aves para ayudar a determinar la salud de la Bah\u00eda. Los estudios sobre la vida silvestre llevados a cabo alrededor de la Bah\u00eda de [&hellip;]<\/p>\n","protected":false},"author":32,"featured_media":4926,"parent":0,"menu_order":0,"comment_status":"closed","ping_status":"closed","template":"report.php","meta":{"_acf_changed":false,"footnotes":""},"coauthors":[157,132,157],"class_list":["post-5023","page","type-page","status-publish","has-post-thumbnail","hentry"],"acf":[],"_links":{"self":[{"href":"https:\/\/www.galvbaygrade.org\/es\/wp-json\/wp\/v2\/pages\/5023","targetHints":{"allow":["GET"]}}],"collection":[{"href":"https:\/\/www.galvbaygrade.org\/es\/wp-json\/wp\/v2\/pages"}],"about":[{"href":"https:\/\/www.galvbaygrade.org\/es\/wp-json\/wp\/v2\/types\/page"}],"author":[{"embeddable":true,"href":"https:\/\/www.galvbaygrade.org\/es\/wp-json\/wp\/v2\/users\/32"}],"replies":[{"embeddable":true,"href":"https:\/\/www.galvbaygrade.org\/es\/wp-json\/wp\/v2\/comments?post=5023"}],"version-history":[{"count":31,"href":"https:\/\/www.galvbaygrade.org\/es\/wp-json\/wp\/v2\/pages\/5023\/revisions"}],"predecessor-version":[{"id":8944,"href":"https:\/\/www.galvbaygrade.org\/es\/wp-json\/wp\/v2\/pages\/5023\/revisions\/8944"}],"wp:featuredmedia":[{"embeddable":true,"href":"https:\/\/www.galvbaygrade.org\/es\/wp-json\/wp\/v2\/media\/4926"}],"wp:attachment":[{"href":"https:\/\/www.galvbaygrade.org\/es\/wp-json\/wp\/v2\/media?parent=5023"}],"wp:term":[{"taxonomy":"author","embeddable":true,"href":"https:\/\/www.galvbaygrade.org\/es\/wp-json\/wp\/v2\/coauthors?post=5023"}],"curies":[{"name":"wp","href":"https:\/\/api.w.org\/{rel}","templated":true}]}}