{"id":5022,"date":"2017-01-06T21:22:23","date_gmt":"2017-01-06T21:22:23","guid":{"rendered":"https:\/\/www.galvbaygrade.org\/es\/?page_id=5022"},"modified":"2020-07-16T23:29:03","modified_gmt":"2020-07-16T23:29:03","slug":"resumen-sobre-incidentes-y-fuentes-de-contaminacion","status":"publish","type":"page","link":"https:\/\/www.galvbaygrade.org\/es\/resumen-sobre-incidentes-y-fuentes-de-contaminacion\/","title":{"rendered":"Resumen sobre incidentes y fuentes de contaminaci\u00f3n"},"content":{"rendered":"<span class=\"report-card-tooltip\" title=\"Forma de contaminaci\u00f3n. Los derrames petroleros incluyen vertidos accidentales de petr\u00f3leo l\u00edquido en el medio ambiente, debido a actividades humanas.\"> Los derrames petroleros<\/span> y la contaminaci\u00f3n t\u00f3xica son riesgos medioambientales con los que vivimos mientras la econom\u00eda local en la Bah\u00eda de Galveston se beneficia del transporte mar\u00edtimo y la actividad industrial. La Bah\u00eda de Galveston tiene una larga historia de <span class=\"report-card-tooltip\" title=\"Contaminaci\u00f3n del aire, el agua y los suelos que puede estar relacionada directamente con la actividad industrial.\">actividad industrial<\/span>. Aunque muchas de estas actividades se desarrollaron antes de que existieran las regulaciones ambientales que controlaran las emisiones de contaminaci\u00f3n en el ambiente, la actividad industrial a\u00fan ocasiona la emisi\u00f3n de contaminantes en la Bah\u00eda de Galveston, donde se encuentran predominantemente en el sedimento de la Bah\u00eda. A pesar de las consecuencias que traen los t\u00f3xicos y la basura que contamina la Bah\u00eda, estos dos problemas a\u00fan siguen sin la supervisi\u00f3n adecuada y, por tanto, son dif\u00edciles de corregir.<\/p>\n","protected":false},"excerpt":{"rendered":"<p>y la contaminaci\u00f3n t\u00f3xica son riesgos medioambientales con los que vivimos mientras la econom\u00eda local en la Bah\u00eda de Galveston se beneficia del transporte mar\u00edtimo y la actividad industrial. La Bah\u00eda de Galveston tiene una larga historia de . Aunque muchas de estas actividades se desarrollaron antes de que existieran las regulaciones ambientales que controlaran [&hellip;]<\/p>\n","protected":false},"author":32,"featured_media":4924,"parent":0,"menu_order":0,"comment_status":"closed","ping_status":"closed","template":"report.php","meta":{"_acf_changed":false,"footnotes":""},"coauthors":[157,132,157],"class_list":["post-5022","page","type-page","status-publish","has-post-thumbnail","hentry"],"acf":[],"_links":{"self":[{"href":"https:\/\/www.galvbaygrade.org\/es\/wp-json\/wp\/v2\/pages\/5022","targetHints":{"allow":["GET"]}}],"collection":[{"href":"https:\/\/www.galvbaygrade.org\/es\/wp-json\/wp\/v2\/pages"}],"about":[{"href":"https:\/\/www.galvbaygrade.org\/es\/wp-json\/wp\/v2\/types\/page"}],"author":[{"embeddable":true,"href":"https:\/\/www.galvbaygrade.org\/es\/wp-json\/wp\/v2\/users\/32"}],"replies":[{"embeddable":true,"href":"https:\/\/www.galvbaygrade.org\/es\/wp-json\/wp\/v2\/comments?post=5022"}],"version-history":[{"count":14,"href":"https:\/\/www.galvbaygrade.org\/es\/wp-json\/wp\/v2\/pages\/5022\/revisions"}],"predecessor-version":[{"id":7538,"href":"https:\/\/www.galvbaygrade.org\/es\/wp-json\/wp\/v2\/pages\/5022\/revisions\/7538"}],"wp:featuredmedia":[{"embeddable":true,"href":"https:\/\/www.galvbaygrade.org\/es\/wp-json\/wp\/v2\/media\/4924"}],"wp:attachment":[{"href":"https:\/\/www.galvbaygrade.org\/es\/wp-json\/wp\/v2\/media?parent=5022"}],"wp:term":[{"taxonomy":"author","embeddable":true,"href":"https:\/\/www.galvbaygrade.org\/es\/wp-json\/wp\/v2\/coauthors?post=5022"}],"curies":[{"name":"wp","href":"https:\/\/api.w.org\/{rel}","templated":true}]}}