{"id":5018,"date":"2017-01-09T18:55:08","date_gmt":"2017-01-09T18:55:08","guid":{"rendered":"https:\/\/www.galvbaygrade.org\/es\/?page_id=5018"},"modified":"2025-01-20T11:47:49","modified_gmt":"2025-01-20T17:47:49","slug":"resumen-sobre-la-calidad-del-agua","status":"publish","type":"page","link":"https:\/\/www.galvbaygrade.org\/es\/resumen-sobre-la-calidad-del-agua\/","title":{"rendered":"Resumen sobre la calidad del agua"},"content":{"rendered":"<p>Una forma de analizar la salud de la Bah\u00eda de Galveston es a trav\u00e9s de la evaluaci\u00f3n de los niveles de nutrientes de soporte vital y de ox\u00edgeno. Demasiados nutrientes pueden causar <span class=\"report-card-tooltip\" title=\"Un aumento r\u00e1pido en la poblaci\u00f3n de algas de un cuerpo de agua.\">brotes de algas<\/span>, que merman el ox\u00edgeno y da\u00f1an la vida marina. Sin embargo, la vida vegetal es un eslab\u00f3n importante de la red alimentaria de la bah\u00eda y requiere nutrientes. Las calificaciones de la calidad del agua en el Informe de Calificaciones del 2024 reflejan las condiciones de la Bah\u00eda y de sus cuencas en el 2023. En general, los niveles de nutrientes y ox\u00edgeno disuelto que se encontraron en las muestras del 2023 estuvieron a niveles aceptables para sustentar vida marina diversa y saludable. Los problemas que se presentan se deben principalmente a <span class=\"report-card-tooltip\" title=\"La corriente de agua que se crea cuando las aguas pluviales fluyen a trav\u00e9s de la superficie o de una alcantarilla y hacia la masa de agua que la recibe.\">la escorrent\u00eda<\/span> y <span class=\"report-card-tooltip\" title=\"Agua que es utilizada en hogares, industrias y negocios, que se almacena en tuber\u00edas y se trata para reducir contaminantes y microbios antes de ser devuelta al medio ambiente.\"> las aguas residuales<\/span> provenientes de las actividades humanas.<\/p>\n","protected":false},"excerpt":{"rendered":"<p>Una forma de analizar la salud de la Bah\u00eda de Galveston es a trav\u00e9s de la evaluaci\u00f3n de los niveles de nutrientes de soporte vital y de ox\u00edgeno. Demasiados nutrientes pueden causar , que merman el ox\u00edgeno y da\u00f1an la vida marina. Sin embargo, la vida vegetal es un eslab\u00f3n importante de la red alimentaria [&hellip;]<\/p>\n","protected":false},"author":32,"featured_media":4925,"parent":0,"menu_order":0,"comment_status":"closed","ping_status":"closed","template":"report.php","meta":{"_acf_changed":false,"footnotes":""},"coauthors":[157],"class_list":["post-5018","page","type-page","status-publish","has-post-thumbnail","hentry"],"acf":[],"_links":{"self":[{"href":"https:\/\/www.galvbaygrade.org\/es\/wp-json\/wp\/v2\/pages\/5018","targetHints":{"allow":["GET"]}}],"collection":[{"href":"https:\/\/www.galvbaygrade.org\/es\/wp-json\/wp\/v2\/pages"}],"about":[{"href":"https:\/\/www.galvbaygrade.org\/es\/wp-json\/wp\/v2\/types\/page"}],"author":[{"embeddable":true,"href":"https:\/\/www.galvbaygrade.org\/es\/wp-json\/wp\/v2\/users\/32"}],"replies":[{"embeddable":true,"href":"https:\/\/www.galvbaygrade.org\/es\/wp-json\/wp\/v2\/comments?post=5018"}],"version-history":[{"count":19,"href":"https:\/\/www.galvbaygrade.org\/es\/wp-json\/wp\/v2\/pages\/5018\/revisions"}],"predecessor-version":[{"id":8959,"href":"https:\/\/www.galvbaygrade.org\/es\/wp-json\/wp\/v2\/pages\/5018\/revisions\/8959"}],"wp:featuredmedia":[{"embeddable":true,"href":"https:\/\/www.galvbaygrade.org\/es\/wp-json\/wp\/v2\/media\/4925"}],"wp:attachment":[{"href":"https:\/\/www.galvbaygrade.org\/es\/wp-json\/wp\/v2\/media?parent=5018"}],"wp:term":[{"taxonomy":"author","embeddable":true,"href":"https:\/\/www.galvbaygrade.org\/es\/wp-json\/wp\/v2\/coauthors?post=5018"}],"curies":[{"name":"wp","href":"https:\/\/api.w.org\/{rel}","templated":true}]}}