{"id":5017,"date":"2017-01-06T21:12:31","date_gmt":"2017-01-06T21:12:31","guid":{"rendered":"https:\/\/www.galvbaygrade.org\/es\/?page_id=5017"},"modified":"2017-02-08T20:13:09","modified_gmt":"2017-02-08T20:13:09","slug":"salud-general-de-la-bahia","status":"publish","type":"page","link":"https:\/\/www.galvbaygrade.org\/es\/","title":{"rendered":"Salud general de la Bah\u00eda"},"content":{"rendered":"<p>La Bah\u00eda de Galveston es resiliente, pero enfrenta un futuro incierto. <span class=\"report-card-tooltip\" title=\"Una porci\u00f3n de tierra en la cual los r\u00edos, arroyos y lluvia drenan hacia una masa de agua com\u00fan, como la Bah\u00eda de Galveston. Las cuencas grandes contienen varias cuencas m\u00e1s peque\u00f1as, a las cuales a veces se les denomina subcuencas.\"> La Cuenca <\/span>de la Bah\u00eda es el hogar de las cuarta y novena ciudades m\u00e1s grandes de los Estados Unidos, Houston y Dallas. Tambi\u00e9n alberga tres puertos, continua siendo el centro de las actividades de manufactura, refinamiento de qu\u00edmicos y productos derivados del <span class=\"report-card-tooltip\" title=\"Un t\u00e9rmino general para el crudo y otros hidrocarburos l\u00edquidos, que son refinados para producir combustible y otros productos.\">petr\u00f3leo<\/span>. Pero las personas, las industrias y los comercios con frecuencia traen retos ambientales. Los problemas m\u00e1s significativos de la Bah\u00eda de Galveston est\u00e1n relacionados con la contaminaci\u00f3n, las reducciones de la superficie en acres del h\u00e1bitat y a los impactos del <span class=\"report-card-tooltip\" title=\"Un cambio en los patrones clim\u00e1ticos globales o regionales.\">cambio clim\u00e1tico<\/span>, como el <span class=\"report-card-tooltip\" title=\"Aumento que se observa en el nivel de la superficie del oc\u00e9ano. El aumento relativo del nivel del mar en la Bah\u00eda de Galveston toma en cuenta la subsidencia (el hundimiento del suelo) y el aumento en el nivel del oc\u00e9ano.\">aumento del nivel del mar<\/span>.<\/p>\n<p>&nbsp;<\/p>\n<p>El hecho de que la Bah\u00eda de Galveston haya recibido una C por su salud general, a pesar de enfrentar estos problemas monumentales, demuestra su nivel de resiliencia. Nos da la esperanza de que podemos seguir cambiando la forma en que vivimos para reducir los impactos negativos sobre la calidad del agua, h\u00e1bitats como los humedales y las hierbas marinas, y la vida silvestre.<\/p>\n","protected":false},"excerpt":{"rendered":"<p>La Bah\u00eda de Galveston es resiliente, pero enfrenta un futuro incierto. de la Bah\u00eda es el hogar de las cuarta y novena ciudades m\u00e1s grandes de los Estados Unidos, Houston y Dallas. Tambi\u00e9n alberga tres puertos, continua siendo el centro de las actividades de manufactura, refinamiento de qu\u00edmicos y productos derivados del . Pero las [&hellip;]<\/p>\n","protected":false},"author":32,"featured_media":4923,"parent":0,"menu_order":0,"comment_status":"closed","ping_status":"closed","template":"report.php","meta":{"_acf_changed":false,"footnotes":""},"coauthors":[157,132,157],"class_list":["post-5017","page","type-page","status-publish","has-post-thumbnail","hentry"],"acf":[],"_links":{"self":[{"href":"https:\/\/www.galvbaygrade.org\/es\/wp-json\/wp\/v2\/pages\/5017","targetHints":{"allow":["GET"]}}],"collection":[{"href":"https:\/\/www.galvbaygrade.org\/es\/wp-json\/wp\/v2\/pages"}],"about":[{"href":"https:\/\/www.galvbaygrade.org\/es\/wp-json\/wp\/v2\/types\/page"}],"author":[{"embeddable":true,"href":"https:\/\/www.galvbaygrade.org\/es\/wp-json\/wp\/v2\/users\/32"}],"replies":[{"embeddable":true,"href":"https:\/\/www.galvbaygrade.org\/es\/wp-json\/wp\/v2\/comments?post=5017"}],"version-history":[{"count":15,"href":"https:\/\/www.galvbaygrade.org\/es\/wp-json\/wp\/v2\/pages\/5017\/revisions"}],"predecessor-version":[{"id":8724,"href":"https:\/\/www.galvbaygrade.org\/es\/wp-json\/wp\/v2\/pages\/5017\/revisions\/8724"}],"wp:featuredmedia":[{"embeddable":true,"href":"https:\/\/www.galvbaygrade.org\/es\/wp-json\/wp\/v2\/media\/4923"}],"wp:attachment":[{"href":"https:\/\/www.galvbaygrade.org\/es\/wp-json\/wp\/v2\/media?parent=5017"}],"wp:term":[{"taxonomy":"author","embeddable":true,"href":"https:\/\/www.galvbaygrade.org\/es\/wp-json\/wp\/v2\/coauthors?post=5017"}],"curies":[{"name":"wp","href":"https:\/\/api.w.org\/{rel}","templated":true}]}}